{"id":7,"date":"2021-03-25T13:47:52","date_gmt":"2021-03-25T13:47:52","guid":{"rendered":"http:\/\/box5652.temp.domains\/~thesplf4\/?page_id=7"},"modified":"2025-01-30T21:22:05","modified_gmt":"2025-01-30T20:22:05","slug":"about-me","status":"publish","type":"page","link":"https:\/\/crystalnicoleweber.com\/fr\/about-me\/","title":{"rendered":"Qui suis-je ?"},"content":{"rendered":"<div data-elementor-type=\"wp-page\" data-elementor-id=\"7\" class=\"elementor elementor-7\">\n\t\t\t\t\t\t<section class=\"elementor-section elementor-top-section elementor-element elementor-element-dac0391 elementor-section-boxed elementor-section-height-default elementor-section-height-default\" data-id=\"dac0391\" data-element_type=\"section\" data-e-type=\"section\">\n\t\t\t\t\t\t<div class=\"elementor-container elementor-column-gap-default\">\n\t\t\t\t\t<div class=\"elementor-column elementor-col-100 elementor-top-column elementor-element elementor-element-7aa4b71\" data-id=\"7aa4b71\" data-element_type=\"column\" data-e-type=\"column\">\n\t\t\t<div class=\"elementor-widget-wrap elementor-element-populated\">\n\t\t\t\t\t\t<section class=\"elementor-section elementor-inner-section elementor-element elementor-element-e47c088 elementor-section-boxed elementor-section-height-default elementor-section-height-default\" data-id=\"e47c088\" data-element_type=\"section\" data-e-type=\"section\" data-settings=\"{&quot;shape_divider_top&quot;:&quot;clouds&quot;}\">\n\t\t\t\t\t<div class=\"elementor-shape elementor-shape-top\" aria-hidden=\"true\" data-negative=\"false\">\n\t\t\t<svg xmlns=\"http:\/\/www.w3.org\/2000\/svg\" viewbox=\"0 0 283.5 27.8\" preserveaspectratio=\"xMidYMax slice\">\n  <path class=\"elementor-shape-fill\" d=\"M0 0v6.7c1.9-.8 4.7-1.4 8.5-1 9.5 1.1 11.1 6 11.1 6s2.1-.7 4.3-.2c2.1.5 2.8 2.6 2.8 2.6s.2-.5 1.4-.7c1.2-.2 1.7.2 1.7.2s0-2.1 1.9-2.8c1.9-.7 3.6.7 3.6.7s.7-2.9 3.1-4.1 4.7 0 4.7 0 1.2-.5 2.4 0 1.7 1.4 1.7 1.4h1.4c.7 0 1.2.7 1.2.7s.8-1.8 4-2.2c3.5-.4 5.3 2.4 6.2 4.4.4-.4 1-.7 1.8-.9 2.8-.7 4 .7 4 .7s1.7-5 11.1-6c9.5-1.1 12.3 3.9 12.3 3.9s1.2-4.8 5.7-5.7c4.5-.9 6.8 1.8 6.8 1.8s.6-.6 1.5-.9c.9-.2 1.9-.2 1.9-.2s5.2-6.4 12.6-3.3c7.3 3.1 4.7 9 4.7 9s1.9-.9 4 0 2.8 2.4 2.8 2.4 1.9-1.2 4.5-1.2 4.3 1.2 4.3 1.2.2-1 1.4-1.7 2.1-.7 2.1-.7-.5-3.1 2.1-5.5 5.7-1.4 5.7-1.4 1.5-2.3 4.2-1.1c2.7 1.2 1.7 5.2 1.7 5.2s.3-.1 1.3.5c.5.4.8.8.9 1.1.5-1.4 2.4-5.8 8.4-4 7.1 2.1 3.5 8.9 3.5 8.9s.8-.4 2 0 1.1 1.1 1.1 1.1 1.1-1.1 2.3-1.1 2.1.5 2.1.5 1.9-3.6 6.2-1.2 1.9 6.4 1.9 6.4 2.6-2.4 7.4 0c3.4 1.7 3.9 4.9 3.9 4.9s3.3-6.9 10.4-7.9 11.5 2.6 11.5 2.6.8 0 1.2.2c.4.2.9.9.9.9s4.4-3.1 8.3.2c1.9 1.7 1.5 5 1.5 5s.3-1.1 1.6-1.4c1.3-.3 2.3.2 2.3.2s-.1-1.2.5-1.9 1.9-.9 1.9-.9-4.7-9.3 4.4-13.4c5.6-2.5 9.2.9 9.2.9s5-6.2 15.9-6.2 16.1 8.1 16.1 8.1.7-.2 1.6-.4V0H0z\"\/>\n<\/svg>\n\t\t<\/div>\n\t\t\t\t\t<div class=\"elementor-container elementor-column-gap-default\">\n\t\t\t\t\t<div class=\"elementor-column elementor-col-50 elementor-inner-column elementor-element elementor-element-137eff1\" data-id=\"137eff1\" data-element_type=\"column\" data-e-type=\"column\">\n\t\t\t<div class=\"elementor-widget-wrap elementor-element-populated\">\n\t\t\t\t\t\t<div class=\"elementor-element elementor-element-054ebcc elementor-widget elementor-widget-text-editor\" data-id=\"054ebcc\" data-element_type=\"widget\" data-e-type=\"widget\" data-widget_type=\"text-editor.default\">\n\t\t\t\t<div class=\"elementor-widget-container\">\n\t\t\t\t\t\t\t\t\t<p>\u00a0<\/p><p>\u00a0<\/p><p><strong>Bonjour. Enchant\u00e9e. Je m'appelle Crystal. Je suis traductrice et interpr\u00e8te et je donne des cours de mouvement.<\/strong><\/p><p>Je suis n\u00e9e en Californie et j'habite dans la r\u00e9gion parisienne depuis 2013.\u00a0<\/p><p><strong>Mon approche au mouvement : <\/strong>Gr\u00e2ce au mouvement, nous pouvons entrer en contact avec la sagesse inn\u00e9e du corps et notre moi authentique. Le mouvement nous aide \u00e0 \u00e9vacuer les \u00e9motions, les tensions, les douleurs et \u00e0 nous \u00e9loigner de nos pens\u00e9es et de nos constructions mentales.<\/p><p><strong>Le mouvement :\u00a0 <\/strong>J'ai toujours suivi des cours de danse - ballet, jazz, contemporain pour ne citer que quelques styles - avec des repr\u00e9sentations sur sc\u00e8ne.<\/p><p>Le yoga est entr\u00e9 dans ma vie lorsque j'\u00e9tais \u00e0 l'universit\u00e9. Au d\u00e9but, j'\u00e9tais fascin\u00e9e par les acrobaties, mais j'ai ensuite approfondi le c\u00f4t\u00e9 spirituel du yoga.<\/p><p>En 2021, j'ai obtenu mon certificat de professeur de yoga de 200 heures aupr\u00e8s de Rishikish Yoga Yogshala en Inde.<\/p><p>J'ai ensuite suivi un programme de deux ans \u00e0 l'Institut de Yogath\u00e9rapie \u00e0 Paris de 2022-2024.\u00a0<\/p><p>En 2024, j'ai obtenu mon certificat de niveau 1 en Reiki.<\/p><p><strong>Traduction et interpr\u00e9tation :<\/strong> J'ai grandi dans une famille bilingue. L'apprentissage des langues est devenu mon hobby, et j'en ai fait mon m\u00e9tier.\u00a0<\/p><p>J'exerce mon m\u00e9tier dans le milieu de la diplomatie et les relations internationales. J'ai travaill\u00e9 dans des ambassades et pour de grandes organisations internationales.<\/p><p>En 2008, j'ai obtenu mon master en traduction et interpr\u00e9tation de l'universit\u00e9 de Rovira et Virgili en Espagne.<\/p><p>En 2005, j'ai obtenu mon licence en \u00e9tudes internationales- sciences politiques de l'universit\u00e9 de Californie \u00e0 San Diego.<\/p>\t\t\t\t\t\t\t\t<\/div>\n\t\t\t\t<\/div>\n\t\t\t\t\t<\/div>\n\t\t<\/div>\n\t\t\t\t<div class=\"elementor-column elementor-col-50 elementor-inner-column elementor-element elementor-element-6ebe0f3\" data-id=\"6ebe0f3\" data-element_type=\"column\" data-e-type=\"column\">\n\t\t\t<div class=\"elementor-widget-wrap elementor-element-populated\">\n\t\t\t\t\t\t<div class=\"elementor-element elementor-element-ad0e444 elementor-widget elementor-widget-spacer\" data-id=\"ad0e444\" data-element_type=\"widget\" data-e-type=\"widget\" data-widget_type=\"spacer.default\">\n\t\t\t\t<div class=\"elementor-widget-container\">\n\t\t\t\t\t\t\t<div class=\"elementor-spacer\">\n\t\t\t<div class=\"elementor-spacer-inner\"><\/div>\n\t\t<\/div>\n\t\t\t\t\t\t<\/div>\n\t\t\t\t<\/div>\n\t\t\t\t<div class=\"elementor-element elementor-element-73e46e1 elementor-widget elementor-widget-image\" data-id=\"73e46e1\" data-element_type=\"widget\" data-e-type=\"widget\" data-widget_type=\"image.default\">\n\t\t\t\t<div class=\"elementor-widget-container\">\n\t\t\t\t\t\t\t\t\t\t\t\t\t\t\t<img fetchpriority=\"high\" decoding=\"async\" width=\"960\" height=\"693\" src=\"https:\/\/i0.wp.com\/crystalnicoleweber.com\/wp-content\/uploads\/2021\/03\/0054.jpg?fit=960%2C693&amp;ssl=1\" class=\"attachment-large size-large wp-image-6\" alt=\"\" srcset=\"https:\/\/i0.wp.com\/crystalnicoleweber.com\/wp-content\/uploads\/2021\/03\/0054.jpg?w=1000&amp;ssl=1 1000w, https:\/\/i0.wp.com\/crystalnicoleweber.com\/wp-content\/uploads\/2021\/03\/0054.jpg?resize=300%2C217&amp;ssl=1 300w, https:\/\/i0.wp.com\/crystalnicoleweber.com\/wp-content\/uploads\/2021\/03\/0054.jpg?resize=768%2C554&amp;ssl=1 768w\" sizes=\"(max-width: 960px) 100vw, 960px\" \/>\t\t\t\t\t\t\t\t\t\t\t\t\t\t\t<\/div>\n\t\t\t\t<\/div>\n\t\t\t\t\t<\/div>\n\t\t<\/div>\n\t\t\t\t\t<\/div>\n\t\t<\/section>\n\t\t\t\t\t<\/div>\n\t\t<\/div>\n\t\t\t\t\t<\/div>\n\t\t<\/section>\n\t\t\t\t<section class=\"elementor-section elementor-top-section elementor-element elementor-element-a4f9af8 elementor-section-boxed elementor-section-height-default elementor-section-height-default\" data-id=\"a4f9af8\" data-element_type=\"section\" data-e-type=\"section\">\n\t\t\t\t\t\t<div class=\"elementor-container elementor-column-gap-default\">\n\t\t\t\t\t<div class=\"elementor-column elementor-col-100 elementor-top-column elementor-element elementor-element-979e4a2\" data-id=\"979e4a2\" data-element_type=\"column\" data-e-type=\"column\">\n\t\t\t<div class=\"elementor-widget-wrap elementor-element-populated\">\n\t\t\t\t\t\t<div class=\"elementor-element elementor-element-1c3c59c elementor-widget elementor-widget-spacer\" data-id=\"1c3c59c\" data-element_type=\"widget\" data-e-type=\"widget\" data-widget_type=\"spacer.default\">\n\t\t\t\t<div class=\"elementor-widget-container\">\n\t\t\t\t\t\t\t<div class=\"elementor-spacer\">\n\t\t\t<div class=\"elementor-spacer-inner\"><\/div>\n\t\t<\/div>\n\t\t\t\t\t\t<\/div>\n\t\t\t\t<\/div>\n\t\t\t\t<div class=\"elementor-element elementor-element-cdd1178 elementor-widget-divider--separator-type-pattern elementor-widget-divider--no-spacing elementor-widget-divider--view-line elementor-widget elementor-widget-divider\" data-id=\"cdd1178\" data-element_type=\"widget\" data-e-type=\"widget\" data-widget_type=\"divider.default\">\n\t\t\t\t<div class=\"elementor-widget-container\">\n\t\t\t\t\t\t\t<div class=\"elementor-divider\" style=\"--divider-pattern-url: url(&quot;data:image\/svg+xml,%3Csvg xmlns=&#039;http:\/\/www.w3.org\/2000\/svg&#039; preserveAspectRatio=&#039;xMidYMid meet&#039; overflow=&#039;visible&#039; height=&#039;100%&#039; viewBox=&#039;0 0 117 26&#039; fill=&#039;black&#039; stroke=&#039;none&#039;%3E%3Cpath d=&#039;M3,1.5C5,4.9,6,8.8,6,13s-1.7,8.1-5,11.5C0.3,21.1,0,17.2,0,13S1,4.9,3,1.5z M16,1.5c2,3.4,3,7.3,3,11.5s-1,8.1-3,11.5c-2-4.1-3-8.3-3-12.5S14,4.3,16,1.5z M29,1.5c2,4.8,3,9.3,3,13.5s-1,7.4-3,9.5c-2-3.4-3-7.3-3-11.5S27,4.9,29,1.5z M41.1,1.5C43.7,4.9,45,8.8,45,13s-1,8.1-3,11.5c-2-3.4-3-7.3-3-11.5S39.7,4.9,41.1,1.5zM55,1.5c2,2.8,3,6.3,3,10.5s-1.3,8.4-4,12.5c-1.3-3.4-2-7.3-2-11.5S53,4.9,55,1.5z M68,1.5c2,3.4,3,7.3,3,11.5s-0.7,8.1-2,11.5c-2.7-4.8-4-9.3-4-13.5S66,3.6,68,1.5z M82,1.5c1.3,4.8,2,9.3,2,13.5s-1,7.4-3,9.5c-2-3.4-3-7.3-3-11.5S79.3,4.9,82,1.5z M94,1.5c2,3.4,3,7.3,3,11.5s-1.3,8.1-4,11.5c-1.3-1.4-2-4.3-2-8.5S92,6.9,94,1.5z M107,1.5c2,2.1,3,5.3,3,9.5s-0.7,8.7-2,13.5c-2.7-3.4-4-7.3-4-11.5S105,4.9,107,1.5z&#039;\/%3E%3C\/svg%3E&quot;);\">\n\t\t\t<span class=\"elementor-divider-separator\">\n\t\t\t\t\t\t<\/span>\n\t\t<\/div>\n\t\t\t\t\t\t<\/div>\n\t\t\t\t<\/div>\n\t\t\t\t<div class=\"elementor-element elementor-element-382aec1 elementor-widget elementor-widget-text-editor\" data-id=\"382aec1\" data-element_type=\"widget\" data-e-type=\"widget\" data-widget_type=\"text-editor.default\">\n\t\t\t\t<div class=\"elementor-widget-container\">\n\t\t\t\t\t\t\t\t\t<p>Mais l'histoire ne s'arr\u00eate pas l\u00e0. Il y a toujours une autre histoire. Tout le monde a une autre histoire \u00e0 raconter. Je porte les cicatrices d'une blessure d'abandon, qui s'est d\u00e9velopp\u00e9e avant m\u00eame que je n'aie 5 ans, j'ai surv\u00e9cu \u00e0 un cancer du sein, je suis divorc\u00e9e et je suis une people pleaser en voie de gu\u00e9rison.\u00a0<\/p>\t\t\t\t\t\t\t\t<\/div>\n\t\t\t\t<\/div>\n\t\t\t\t\t<\/div>\n\t\t<\/div>\n\t\t\t\t\t<\/div>\n\t\t<\/section>\n\t\t\t\t<section class=\"elementor-section elementor-top-section elementor-element elementor-element-07f0b44 elementor-section-boxed elementor-section-height-default elementor-section-height-default\" data-id=\"07f0b44\" data-element_type=\"section\" data-e-type=\"section\">\n\t\t\t\t\t\t<div class=\"elementor-container elementor-column-gap-default\">\n\t\t\t\t\t<div class=\"elementor-column elementor-col-100 elementor-top-column elementor-element elementor-element-0a69c4c\" data-id=\"0a69c4c\" data-element_type=\"column\" data-e-type=\"column\">\n\t\t\t<div class=\"elementor-widget-wrap elementor-element-populated\">\n\t\t\t\t\t\t<div class=\"elementor-element elementor-element-848f525 elementor-widget__width-initial elementor-widget elementor-widget-spacer\" data-id=\"848f525\" data-element_type=\"widget\" data-e-type=\"widget\" data-widget_type=\"spacer.default\">\n\t\t\t\t<div class=\"elementor-widget-container\">\n\t\t\t\t\t\t\t<div class=\"elementor-spacer\">\n\t\t\t<div class=\"elementor-spacer-inner\"><\/div>\n\t\t<\/div>\n\t\t\t\t\t\t<\/div>\n\t\t\t\t<\/div>\n\t\t\t\t\t<\/div>\n\t\t<\/div>\n\t\t\t\t\t<\/div>\n\t\t<\/section>\n\t\t\t\t<section class=\"elementor-section elementor-top-section elementor-element elementor-element-78aef6f elementor-section-boxed elementor-section-height-default elementor-section-height-default\" data-id=\"78aef6f\" data-element_type=\"section\" data-e-type=\"section\">\n\t\t\t\t\t\t<div class=\"elementor-container elementor-column-gap-default\">\n\t\t\t\t\t<div class=\"elementor-column elementor-col-100 elementor-top-column elementor-element elementor-element-ed33fab\" data-id=\"ed33fab\" data-element_type=\"column\" data-e-type=\"column\">\n\t\t\t<div class=\"elementor-widget-wrap elementor-element-populated\">\n\t\t\t\t\t\t<div class=\"elementor-element elementor-element-7e0c05d elementor-widget elementor-widget-heading\" data-id=\"7e0c05d\" data-element_type=\"widget\" data-e-type=\"widget\" data-widget_type=\"heading.default\">\n\t\t\t\t<div class=\"elementor-widget-container\">\n\t\t\t\t\t<h2 class=\"elementor-heading-title elementor-size-default\">Et vous ? Quelle est votre autre histoire ? Vous ne voulez pas en parler ? D'accord. Alors laissez votre corps la mettre en mouvement. <\/h2>\t\t\t\t<\/div>\n\t\t\t\t<\/div>\n\t\t\t\t\t<\/div>\n\t\t<\/div>\n\t\t\t\t\t<\/div>\n\t\t<\/section>\n\t\t\t\t<\/div>","protected":false},"excerpt":{"rendered":"<p>\u00a0 \u00a0 Hello. Nice to meet you. I&#8217;m Crystal. I am a translator and interpreter and I teach movement classes. I was born in California and have been living in the Paris Metropolitan area in France since 2013.\u00a0 My approach to movement: Through movement, we can get in touch with the body&#8217;s innate wisdom and our real authentic selves. Movement helps us move emotions, move tension, move pain, and move us away from our thoughts and our stories. Movement:\u00a0 I have always taken dance classes- ballet, jazz, contemporary to cite a few styles &#8211; with performances on stage. Yoga came into my life when I was in college. At first, I was fascinated by the acrobatics, but later delved into the spiritual side of it. In 2021, I obtained a 200hr yoga teacher training certificate from Rishikish Yoga Yogshala in India. Then I went on to complete a 2-year programme at the Institut de Yogath\u00e9rapie in Paris in 2024.\u00a0 In 2024, I received my level 1 certificate in Reiki. Translation &amp; interpretation: I grew up in a bilingual family. Learning languages became my hobby, and so I made a career out of it.\u00a0 I have a sweet spot for diplomacy and international relations. I have worked in Embassies and for major international organisations. In 2008, I completed a Master Degree in Translation and Interpretation from the University of Rovira and Virgili in Spain. In 2005, I recevied my B.A. in International Studies from the University of California, San Diego. But there&#8217;s more to the story. There&#8217;s always more to the story. Everyone has more to their story. I hold the scars of an abandoment wound, one that developed before I was even 5 years old, I am a breast cancer survivor, divorcee, and recovering people pleaser.\u00a0 How about you? What&#8217;s your other story? Don&#8217;t want to talk about it? Ok. Then come let your body move through it.<\/p>","protected":false},"author":1,"featured_media":0,"parent":0,"menu_order":0,"comment_status":"closed","ping_status":"closed","template":"","meta":{"nf_dc_page":"","om_disable_all_campaigns":false,"_monsterinsights_skip_tracking":false,"_monsterinsights_sitenote_active":false,"_monsterinsights_sitenote_note":"","_monsterinsights_sitenote_category":0,"footnotes":""},"class_list":["post-7","page","type-page","status-publish","hentry"],"aioseo_notices":[],"jetpack_sharing_enabled":true,"_links":{"self":[{"href":"https:\/\/crystalnicoleweber.com\/fr\/wp-json\/wp\/v2\/pages\/7","targetHints":{"allow":["GET"]}}],"collection":[{"href":"https:\/\/crystalnicoleweber.com\/fr\/wp-json\/wp\/v2\/pages"}],"about":[{"href":"https:\/\/crystalnicoleweber.com\/fr\/wp-json\/wp\/v2\/types\/page"}],"author":[{"embeddable":true,"href":"https:\/\/crystalnicoleweber.com\/fr\/wp-json\/wp\/v2\/users\/1"}],"replies":[{"embeddable":true,"href":"https:\/\/crystalnicoleweber.com\/fr\/wp-json\/wp\/v2\/comments?post=7"}],"version-history":[{"count":5,"href":"https:\/\/crystalnicoleweber.com\/fr\/wp-json\/wp\/v2\/pages\/7\/revisions"}],"predecessor-version":[{"id":421,"href":"https:\/\/crystalnicoleweber.com\/fr\/wp-json\/wp\/v2\/pages\/7\/revisions\/421"}],"wp:attachment":[{"href":"https:\/\/crystalnicoleweber.com\/fr\/wp-json\/wp\/v2\/media?parent=7"}],"curies":[{"name":"wp","href":"https:\/\/api.w.org\/{rel}","templated":true}]}}