{"id":378,"date":"2025-01-29T19:04:12","date_gmt":"2025-01-29T18:04:12","guid":{"rendered":"https:\/\/crystalnicoleweber.com\/?page_id=378"},"modified":"2026-04-04T22:40:35","modified_gmt":"2026-04-04T21:40:35","slug":"interpreting-translation","status":"publish","type":"page","link":"https:\/\/crystalnicoleweber.com\/fr\/interpreting-translation\/","title":{"rendered":"Langues"},"content":{"rendered":"<div data-elementor-type=\"wp-page\" data-elementor-id=\"378\" class=\"elementor elementor-378\">\n\t\t\t\t\t\t<section class=\"elementor-section elementor-top-section elementor-element elementor-element-8eea4db elementor-section-boxed elementor-section-height-default elementor-section-height-default\" data-id=\"8eea4db\" data-element_type=\"section\" data-e-type=\"section\">\n\t\t\t\t\t\t<div class=\"elementor-container elementor-column-gap-default\">\n\t\t\t\t\t<div class=\"elementor-column elementor-col-100 elementor-top-column elementor-element elementor-element-30c2d91\" data-id=\"30c2d91\" data-element_type=\"column\" data-e-type=\"column\">\n\t\t\t<div class=\"elementor-widget-wrap elementor-element-populated\">\n\t\t\t\t\t\t<div class=\"elementor-element elementor-element-e2e426d elementor-widget-divider--separator-type-pattern elementor-widget-divider--view-line elementor-widget elementor-widget-divider\" data-id=\"e2e426d\" data-element_type=\"widget\" data-e-type=\"widget\" data-widget_type=\"divider.default\">\n\t\t\t\t<div class=\"elementor-widget-container\">\n\t\t\t\t\t\t\t<div class=\"elementor-divider\" style=\"--divider-pattern-url: url(&quot;data:image\/svg+xml,%3Csvg xmlns=&#039;http:\/\/www.w3.org\/2000\/svg&#039; preserveAspectRatio=&#039;none&#039; overflow=&#039;visible&#039; height=&#039;100%&#039; viewBox=&#039;0 0 24 24&#039; fill=&#039;none&#039; stroke=&#039;black&#039; stroke-width=&#039;2.2&#039; stroke-linecap=&#039;square&#039; stroke-miterlimit=&#039;10&#039;%3E%3Cpath d=&#039;M0,21c3.3,0,8.3-0.9,15.7-7.1c6.6-5.4,4.4-9.3,2.4-10.3c-3.4-1.8-7.7,1.3-7.3,8.8C11.2,20,17.1,21,24,21&#039;\/%3E%3C\/svg%3E&quot;);\">\n\t\t\t<span class=\"elementor-divider-separator\">\n\t\t\t\t\t\t<\/span>\n\t\t<\/div>\n\t\t\t\t\t\t<\/div>\n\t\t\t\t<\/div>\n\t\t\t\t\t<\/div>\n\t\t<\/div>\n\t\t\t\t\t<\/div>\n\t\t<\/section>\n\t\t\t\t<section class=\"elementor-section elementor-top-section elementor-element elementor-element-a34105b elementor-section-boxed elementor-section-height-default elementor-section-height-default\" data-id=\"a34105b\" data-element_type=\"section\" data-e-type=\"section\">\n\t\t\t\t\t\t<div class=\"elementor-container elementor-column-gap-default\">\n\t\t\t\t\t<div class=\"elementor-column elementor-col-100 elementor-top-column elementor-element elementor-element-feab5ba\" data-id=\"feab5ba\" data-element_type=\"column\" data-e-type=\"column\">\n\t\t\t<div class=\"elementor-widget-wrap elementor-element-populated\">\n\t\t\t\t\t\t<div class=\"elementor-element elementor-element-c6ba8ab elementor-widget elementor-widget-text-editor\" data-id=\"c6ba8ab\" data-element_type=\"widget\" data-e-type=\"widget\" data-widget_type=\"text-editor.default\">\n\t\t\t\t<div class=\"elementor-widget-container\">\n\t\t\t\t\t\t\t\t\t<p><strong>Bonjour et bienvenu.e \u00e0 votre guichet unique pour tous vos besoin de communication en anglais. Je fournis des services d'interpr\u00e9tariat, traduction, r\u00e9vision, et r\u00e9daction depuis 2007. Je suis sp\u00e9cialis\u00e9e dans la diplomatie, les relations internationales et la m\u00e9diation culturelle. Qu'est-ce que je peux faire pour vous ?<\/strong><\/p>\t\t\t\t\t\t\t\t<\/div>\n\t\t\t\t<\/div>\n\t\t\t\t\t<\/div>\n\t\t<\/div>\n\t\t\t\t\t<\/div>\n\t\t<\/section>\n\t\t\t\t<section class=\"elementor-section elementor-top-section elementor-element elementor-element-8044563 elementor-section-boxed elementor-section-height-default elementor-section-height-default\" data-id=\"8044563\" data-element_type=\"section\" data-e-type=\"section\">\n\t\t\t\t\t\t<div class=\"elementor-container elementor-column-gap-default\">\n\t\t\t\t\t<div class=\"elementor-column elementor-col-100 elementor-top-column elementor-element elementor-element-7c5ace9\" data-id=\"7c5ace9\" data-element_type=\"column\" data-e-type=\"column\">\n\t\t\t<div class=\"elementor-widget-wrap elementor-element-populated\">\n\t\t\t\t\t\t<div class=\"elementor-element elementor-element-ee2eb4c elementor-widget elementor-widget-spacer\" data-id=\"ee2eb4c\" data-element_type=\"widget\" data-e-type=\"widget\" data-widget_type=\"spacer.default\">\n\t\t\t\t<div class=\"elementor-widget-container\">\n\t\t\t\t\t\t\t<div class=\"elementor-spacer\">\n\t\t\t<div class=\"elementor-spacer-inner\"><\/div>\n\t\t<\/div>\n\t\t\t\t\t\t<\/div>\n\t\t\t\t<\/div>\n\t\t\t\t\t<\/div>\n\t\t<\/div>\n\t\t\t\t\t<\/div>\n\t\t<\/section>\n\t\t\t\t<section class=\"elementor-section elementor-top-section elementor-element elementor-element-04f6774 elementor-section-content-middle elementor-section-boxed elementor-section-height-default elementor-section-height-default\" data-id=\"04f6774\" data-element_type=\"section\" data-e-type=\"section\">\n\t\t\t\t\t\t<div class=\"elementor-container elementor-column-gap-default\">\n\t\t\t\t\t<div class=\"elementor-column elementor-col-50 elementor-top-column elementor-element elementor-element-88c5f6e\" data-id=\"88c5f6e\" data-element_type=\"column\" data-e-type=\"column\">\n\t\t\t<div class=\"elementor-widget-wrap elementor-element-populated\">\n\t\t\t\t\t\t<div class=\"elementor-element elementor-element-51cc12c elementor-widget elementor-widget-image\" data-id=\"51cc12c\" data-element_type=\"widget\" data-e-type=\"widget\" data-widget_type=\"image.default\">\n\t\t\t\t<div class=\"elementor-widget-container\">\n\t\t\t\t\t\t\t\t\t\t\t\t\t\t\t<img fetchpriority=\"high\" decoding=\"async\" width=\"960\" height=\"778\" src=\"https:\/\/i0.wp.com\/crystalnicoleweber.com\/wp-content\/uploads\/2025\/01\/Crystal-interpreter-1-scaled.jpg?fit=960%2C778&amp;ssl=1\" class=\"attachment-large size-large wp-image-380\" alt=\"\" srcset=\"https:\/\/i0.wp.com\/crystalnicoleweber.com\/wp-content\/uploads\/2025\/01\/Crystal-interpreter-1-scaled.jpg?w=2560&amp;ssl=1 2560w, https:\/\/i0.wp.com\/crystalnicoleweber.com\/wp-content\/uploads\/2025\/01\/Crystal-interpreter-1-scaled.jpg?resize=300%2C243&amp;ssl=1 300w, https:\/\/i0.wp.com\/crystalnicoleweber.com\/wp-content\/uploads\/2025\/01\/Crystal-interpreter-1-scaled.jpg?resize=1024%2C830&amp;ssl=1 1024w, https:\/\/i0.wp.com\/crystalnicoleweber.com\/wp-content\/uploads\/2025\/01\/Crystal-interpreter-1-scaled.jpg?resize=768%2C623&amp;ssl=1 768w, https:\/\/i0.wp.com\/crystalnicoleweber.com\/wp-content\/uploads\/2025\/01\/Crystal-interpreter-1-scaled.jpg?resize=1536%2C1245&amp;ssl=1 1536w, https:\/\/i0.wp.com\/crystalnicoleweber.com\/wp-content\/uploads\/2025\/01\/Crystal-interpreter-1-scaled.jpg?resize=2048%2C1661&amp;ssl=1 2048w, https:\/\/i0.wp.com\/crystalnicoleweber.com\/wp-content\/uploads\/2025\/01\/Crystal-interpreter-1-scaled.jpg?resize=15%2C12&amp;ssl=1 15w, https:\/\/i0.wp.com\/crystalnicoleweber.com\/wp-content\/uploads\/2025\/01\/Crystal-interpreter-1-scaled.jpg?resize=1140%2C924&amp;ssl=1 1140w, https:\/\/i0.wp.com\/crystalnicoleweber.com\/wp-content\/uploads\/2025\/01\/Crystal-interpreter-1-scaled.jpg?w=1920&amp;ssl=1 1920w\" sizes=\"(max-width: 960px) 100vw, 960px\" \/>\t\t\t\t\t\t\t\t\t\t\t\t\t\t\t<\/div>\n\t\t\t\t<\/div>\n\t\t\t\t\t<\/div>\n\t\t<\/div>\n\t\t\t\t<div class=\"elementor-column elementor-col-50 elementor-top-column elementor-element elementor-element-9d42d92\" data-id=\"9d42d92\" data-element_type=\"column\" data-e-type=\"column\">\n\t\t\t<div class=\"elementor-widget-wrap elementor-element-populated\">\n\t\t\t\t\t\t<div class=\"elementor-element elementor-element-0d79147 elementor-widget elementor-widget-text-editor\" data-id=\"0d79147\" data-element_type=\"widget\" data-e-type=\"widget\" data-widget_type=\"text-editor.default\">\n\t\t\t\t<div class=\"elementor-widget-container\">\n\t\t\t\t\t\t\t\t\t<h2>L'interpr\u00e9tation simultan\u00e9e<\/h2><p>FR\/ES &gt;ANG,\u00a0 ANG&gt;FR<\/p><p>Vous avez un grand \u00e9v\u00e9nement international ? Pas de souci. Je m'occupe de la communication. Je traduits les propos simultan\u00e9ment d'une langue \u00e0 l'autre.\u00a0<\/p><p>Je propose des services en pr\u00e9sentiel et en ligne sur Zoom. Je peux \u00e9galement m'occuper de la location du mat\u00e9riel (cabines, casques, bidules, etc.) pour des missions sur place.\u00a0<\/p><p>L'endroit le plus \u00e9pique o\u00f9 j'ai interpr\u00e9t\u00e9 simultan\u00e9ment ? C'est difficile de choisir, mais je dirais Le Grand Palais \u00e0 Paris. L\u00e0 il s'agit d'une cabine avec une vue !<\/p>\t\t\t\t\t\t\t\t<\/div>\n\t\t\t\t<\/div>\n\t\t\t\t\t<\/div>\n\t\t<\/div>\n\t\t\t\t\t<\/div>\n\t\t<\/section>\n\t\t\t\t<section class=\"elementor-section elementor-top-section elementor-element elementor-element-c845532 elementor-section-boxed elementor-section-height-default elementor-section-height-default\" data-id=\"c845532\" data-element_type=\"section\" data-e-type=\"section\">\n\t\t\t\t\t\t<div class=\"elementor-container elementor-column-gap-default\">\n\t\t\t\t\t<div class=\"elementor-column elementor-col-100 elementor-top-column elementor-element elementor-element-b496276\" data-id=\"b496276\" data-element_type=\"column\" data-e-type=\"column\">\n\t\t\t<div class=\"elementor-widget-wrap elementor-element-populated\">\n\t\t\t\t\t\t<div class=\"elementor-element elementor-element-2d72a6b elementor-widget elementor-widget-spacer\" data-id=\"2d72a6b\" data-element_type=\"widget\" data-e-type=\"widget\" data-widget_type=\"spacer.default\">\n\t\t\t\t<div class=\"elementor-widget-container\">\n\t\t\t\t\t\t\t<div class=\"elementor-spacer\">\n\t\t\t<div class=\"elementor-spacer-inner\"><\/div>\n\t\t<\/div>\n\t\t\t\t\t\t<\/div>\n\t\t\t\t<\/div>\n\t\t\t\t\t<\/div>\n\t\t<\/div>\n\t\t\t\t\t<\/div>\n\t\t<\/section>\n\t\t\t\t<section class=\"elementor-section elementor-top-section elementor-element elementor-element-375e122 elementor-section-content-middle elementor-section-boxed elementor-section-height-default elementor-section-height-default\" data-id=\"375e122\" data-element_type=\"section\" data-e-type=\"section\">\n\t\t\t\t\t\t<div class=\"elementor-container elementor-column-gap-default\">\n\t\t\t\t\t<div class=\"elementor-column elementor-col-66 elementor-top-column elementor-element elementor-element-dbe2b9e\" data-id=\"dbe2b9e\" data-element_type=\"column\" data-e-type=\"column\">\n\t\t\t<div class=\"elementor-widget-wrap elementor-element-populated\">\n\t\t\t\t\t\t<div class=\"elementor-element elementor-element-1f6c97e elementor-widget elementor-widget-text-editor\" data-id=\"1f6c97e\" data-element_type=\"widget\" data-e-type=\"widget\" data-widget_type=\"text-editor.default\">\n\t\t\t\t<div class=\"elementor-widget-container\">\n\t\t\t\t\t\t\t\t\t<h2>L'interpr\u00e9tation consecutive<\/h2><p>FR\/ES  ANG<\/p><p>Vous avez une r\u00e9union en petite comit\u00e9 ? C'est bon. Je g\u00e8re.<\/p><p>L'interpr\u00e9tation cons\u00e9cutive est la solution pour vous. Vous parlez d'abord pendant que je prends des notes. Ensuite, je parle dans la langue cible. C'est aussi simple que cela, et il n'y a pas besoin d'\u00e9quipement sp\u00e9cial.<\/p><p>L'endroit le plus \u00e9pique o\u00f9 j'ai fait de l'interpr\u00e9tation cons\u00e9cutive ? C'est facile : Le si\u00e8ge de l'UNESCO \u00e0 Paris. Une mission avec des grands enjeux !<\/p>\t\t\t\t\t\t\t\t<\/div>\n\t\t\t\t<\/div>\n\t\t\t\t\t<\/div>\n\t\t<\/div>\n\t\t\t\t<div class=\"elementor-column elementor-col-33 elementor-top-column elementor-element elementor-element-eface3c\" data-id=\"eface3c\" data-element_type=\"column\" data-e-type=\"column\">\n\t\t\t<div class=\"elementor-widget-wrap elementor-element-populated\">\n\t\t\t\t\t\t<div class=\"elementor-element elementor-element-782329f elementor-widget__width-initial elementor-widget elementor-widget-image\" data-id=\"782329f\" data-element_type=\"widget\" data-e-type=\"widget\" data-widget_type=\"image.default\">\n\t\t\t\t<div class=\"elementor-widget-container\">\n\t\t\t\t\t\t\t\t\t\t\t\t\t\t\t<img decoding=\"async\" width=\"593\" height=\"1024\" src=\"https:\/\/i0.wp.com\/crystalnicoleweber.com\/wp-content\/uploads\/2025\/01\/Interpreter-Botswana-alone-1.jpg?fit=593%2C1024&amp;ssl=1\" class=\"attachment-large size-large wp-image-386\" alt=\"\" srcset=\"https:\/\/i0.wp.com\/crystalnicoleweber.com\/wp-content\/uploads\/2025\/01\/Interpreter-Botswana-alone-1.jpg?w=639&amp;ssl=1 639w, https:\/\/i0.wp.com\/crystalnicoleweber.com\/wp-content\/uploads\/2025\/01\/Interpreter-Botswana-alone-1.jpg?resize=174%2C300&amp;ssl=1 174w, https:\/\/i0.wp.com\/crystalnicoleweber.com\/wp-content\/uploads\/2025\/01\/Interpreter-Botswana-alone-1.jpg?resize=593%2C1024&amp;ssl=1 593w, https:\/\/i0.wp.com\/crystalnicoleweber.com\/wp-content\/uploads\/2025\/01\/Interpreter-Botswana-alone-1.jpg?resize=7%2C12&amp;ssl=1 7w\" sizes=\"(max-width: 593px) 100vw, 593px\" \/>\t\t\t\t\t\t\t\t\t\t\t\t\t\t\t<\/div>\n\t\t\t\t<\/div>\n\t\t\t\t\t<\/div>\n\t\t<\/div>\n\t\t\t\t\t<\/div>\n\t\t<\/section>\n\t\t\t\t<section class=\"elementor-section elementor-top-section elementor-element elementor-element-d378397 elementor-section-content-middle elementor-section-boxed elementor-section-height-default elementor-section-height-default\" data-id=\"d378397\" data-element_type=\"section\" data-e-type=\"section\">\n\t\t\t\t\t\t<div class=\"elementor-container elementor-column-gap-default\">\n\t\t\t\t\t<div class=\"elementor-column elementor-col-100 elementor-top-column elementor-element elementor-element-63b970c\" data-id=\"63b970c\" data-element_type=\"column\" data-e-type=\"column\">\n\t\t\t<div class=\"elementor-widget-wrap elementor-element-populated\">\n\t\t\t\t\t\t<div class=\"elementor-element elementor-element-6d0dedf elementor-widget-divider--separator-type-pattern elementor-widget-divider--view-line elementor-widget elementor-widget-divider\" data-id=\"6d0dedf\" data-element_type=\"widget\" data-e-type=\"widget\" data-widget_type=\"divider.default\">\n\t\t\t\t<div class=\"elementor-widget-container\">\n\t\t\t\t\t\t\t<div class=\"elementor-divider\" style=\"--divider-pattern-url: url(&quot;data:image\/svg+xml,%3Csvg xmlns=&#039;http:\/\/www.w3.org\/2000\/svg&#039; preserveAspectRatio=&#039;none&#039; overflow=&#039;visible&#039; height=&#039;100%&#039; viewBox=&#039;0 0 24 24&#039; fill=&#039;none&#039; stroke=&#039;black&#039; stroke-width=&#039;2.2&#039; stroke-linecap=&#039;square&#039; stroke-miterlimit=&#039;10&#039;%3E%3Cpath d=&#039;M0,21c3.3,0,8.3-0.9,15.7-7.1c6.6-5.4,4.4-9.3,2.4-10.3c-3.4-1.8-7.7,1.3-7.3,8.8C11.2,20,17.1,21,24,21&#039;\/%3E%3C\/svg%3E&quot;);\">\n\t\t\t<span class=\"elementor-divider-separator\">\n\t\t\t\t\t\t<\/span>\n\t\t<\/div>\n\t\t\t\t\t\t<\/div>\n\t\t\t\t<\/div>\n\t\t\t\t\t<\/div>\n\t\t<\/div>\n\t\t\t\t\t<\/div>\n\t\t<\/section>\n\t\t\t\t<section class=\"elementor-section elementor-top-section elementor-element elementor-element-ef2c54b elementor-section-boxed elementor-section-height-default elementor-section-height-default\" data-id=\"ef2c54b\" data-element_type=\"section\" data-e-type=\"section\">\n\t\t\t\t\t\t<div class=\"elementor-container elementor-column-gap-default\">\n\t\t\t\t\t<div class=\"elementor-column elementor-col-33 elementor-top-column elementor-element elementor-element-aca5e8b\" data-id=\"aca5e8b\" data-element_type=\"column\" data-e-type=\"column\">\n\t\t\t<div class=\"elementor-widget-wrap elementor-element-populated\">\n\t\t\t\t\t\t<div class=\"elementor-element elementor-element-cbdc5a0 elementor-widget elementor-widget-text-editor\" data-id=\"cbdc5a0\" data-element_type=\"widget\" data-e-type=\"widget\" data-widget_type=\"text-editor.default\">\n\t\t\t\t<div class=\"elementor-widget-container\">\n\t\t\t\t\t\t\t\t\t<h2>R\u00e9vision<\/h2><p>Je r\u00e9vise vos textes, que vous soyez un anglophone non natif ou que vous ayez simplement besoin d'une deuxi\u00e8me paire d'yeux.\u00a0<\/p><p>Quelques exemples de ce que je fais ? Des articles scientifiques pour publication dans des revues,  traductions faites par l'IA ou par personnes r\u00e9elles, et des livres.<\/p>\t\t\t\t\t\t\t\t<\/div>\n\t\t\t\t<\/div>\n\t\t\t\t\t<\/div>\n\t\t<\/div>\n\t\t\t\t<div class=\"elementor-column elementor-col-33 elementor-top-column elementor-element elementor-element-e045ae8\" data-id=\"e045ae8\" data-element_type=\"column\" data-e-type=\"column\">\n\t\t\t<div class=\"elementor-widget-wrap elementor-element-populated\">\n\t\t\t\t\t\t<div class=\"elementor-element elementor-element-4e223ea elementor-widget elementor-widget-text-editor\" data-id=\"4e223ea\" data-element_type=\"widget\" data-e-type=\"widget\" data-widget_type=\"text-editor.default\">\n\t\t\t\t<div class=\"elementor-widget-container\">\n\t\t\t\t\t\t\t\t\t<h2>Traduction<\/h2><p>L'IA vous d\u00e9\u00e7oit ? Je traduis du fran\u00e7ais, de l'espagnol et du catalan vers l'anglais. Oui, vous avez bien lu. J'ai dit catalan.<\/p><div>Je traduis beaucoup de choses, mais ce que j'aime le plus, c'est travailler sur des expositions de mus\u00e9es et des programmes de m\u00e9diation culturelle.<\/div>\t\t\t\t\t\t\t\t<\/div>\n\t\t\t\t<\/div>\n\t\t\t\t\t<\/div>\n\t\t<\/div>\n\t\t\t\t<div class=\"elementor-column elementor-col-33 elementor-top-column elementor-element elementor-element-a4ef667\" data-id=\"a4ef667\" data-element_type=\"column\" data-e-type=\"column\">\n\t\t\t<div class=\"elementor-widget-wrap elementor-element-populated\">\n\t\t\t\t\t\t<div class=\"elementor-element elementor-element-d1faf8c elementor-widget elementor-widget-text-editor\" data-id=\"d1faf8c\" data-element_type=\"widget\" data-e-type=\"widget\" data-widget_type=\"text-editor.default\">\n\t\t\t\t<div class=\"elementor-widget-container\">\n\t\t\t\t\t\t\t\t\t<h2>R\u00e9daction<\/h2><p>Je r\u00e9dige pour vous en anglais, que vous ayez besoin du copy pour stimuler les ventes, d'un contenu pour susciter l'int\u00e9r\u00eat des lecteurs ou d'un texte pour informer.<\/p><p>J'ai \u00e9crit des e-livres, des articles, des infographies, des r\u00e9sum\u00e9s de documents et des rapports, ce dernier principalement dans le domaine des relations internationales.<\/p>\t\t\t\t\t\t\t\t<\/div>\n\t\t\t\t<\/div>\n\t\t\t\t\t<\/div>\n\t\t<\/div>\n\t\t\t\t\t<\/div>\n\t\t<\/section>\n\t\t\t\t<section class=\"elementor-section elementor-top-section elementor-element elementor-element-e12897e elementor-section-boxed elementor-section-height-default elementor-section-height-default\" data-id=\"e12897e\" data-element_type=\"section\" data-e-type=\"section\">\n\t\t\t\t\t\t<div class=\"elementor-container elementor-column-gap-default\">\n\t\t\t\t\t<div class=\"elementor-column elementor-col-100 elementor-top-column elementor-element elementor-element-9703641\" data-id=\"9703641\" data-element_type=\"column\" data-e-type=\"column\">\n\t\t\t<div class=\"elementor-widget-wrap elementor-element-populated\">\n\t\t\t\t\t\t<div class=\"elementor-element elementor-element-5ea3fb7 elementor-widget elementor-widget-spacer\" data-id=\"5ea3fb7\" data-element_type=\"widget\" data-e-type=\"widget\" data-widget_type=\"spacer.default\">\n\t\t\t\t<div class=\"elementor-widget-container\">\n\t\t\t\t\t\t\t<div class=\"elementor-spacer\">\n\t\t\t<div class=\"elementor-spacer-inner\"><\/div>\n\t\t<\/div>\n\t\t\t\t\t\t<\/div>\n\t\t\t\t<\/div>\n\t\t\t\t\t<\/div>\n\t\t<\/div>\n\t\t\t\t\t<\/div>\n\t\t<\/section>\n\t\t\t\t<section class=\"elementor-section elementor-top-section elementor-element elementor-element-a2fc357 elementor-section-boxed elementor-section-height-default elementor-section-height-default\" data-id=\"a2fc357\" data-element_type=\"section\" data-e-type=\"section\">\n\t\t\t\t\t\t<div class=\"elementor-container elementor-column-gap-default\">\n\t\t\t\t\t<div class=\"elementor-column elementor-col-100 elementor-top-column elementor-element elementor-element-e2bfe57\" data-id=\"e2bfe57\" data-element_type=\"column\" data-e-type=\"column\">\n\t\t\t<div class=\"elementor-widget-wrap elementor-element-populated\">\n\t\t\t\t\t\t<div class=\"elementor-element elementor-element-a54c71b elementor-align-center elementor-widget elementor-widget-button\" data-id=\"a54c71b\" data-element_type=\"widget\" data-e-type=\"widget\" data-widget_type=\"button.default\">\n\t\t\t\t<div class=\"elementor-widget-container\">\n\t\t\t\t\t\t\t\t\t<div class=\"elementor-button-wrapper\">\n\t\t\t\t\t<a class=\"elementor-button elementor-button-link elementor-size-sm\" href=\"https:\/\/crystalnicoleweber.com\/fr\/contact\/\" id=\"quote\">\n\t\t\t\t\t\t<span class=\"elementor-button-content-wrapper\">\n\t\t\t\t\t\t\t\t\t<span class=\"elementor-button-text\">Besoin d'un devis ?<\/span>\n\t\t\t\t\t<\/span>\n\t\t\t\t\t<\/a>\n\t\t\t\t<\/div>\n\t\t\t\t\t\t\t\t<\/div>\n\t\t\t\t<\/div>\n\t\t\t\t\t<\/div>\n\t\t<\/div>\n\t\t\t\t\t<\/div>\n\t\t<\/section>\n\t\t\t\t<\/div>","protected":false},"excerpt":{"rendered":"<p>Hi there. Welcome to your one-stop shop for all things English. I speak English (native), French, and Spanish and I&#8217;ve been working as an interpreter and translator since 2007. Phew. That&#8217;s a long time. I specialise in diplomacy, international relations, and cultural outreach. Scroll on down to see what else I can do for you. Simultaneous interpreting FR\/SP &gt;ENG,\u00a0 ENG&gt;FR Got a large international event? I got you covered. I move words simultaneously from one language to another.\u00a0 I provide both on-site and online services. I can also arrange for the rental of equipment (booths, headsets, ect) for on-site assignments.\u00a0 The most epic place I&#8217;ve simultanously interpreted in? It&#8217;s hard to narrow it down, but I&#8217;d say Le Grande Palais in Paris. Talk about a booth with a view. Consecutive Interpreting FR\/SP &lt;&gt; ENG Got a small intimate meeting? I also got you covered. Consecutive interpreting will do the trick. First you speak while I take notes. Then I speak in the target language. Simple as that, and no need for special equipment. The most epic place where I&#8217;ve been a consecutive interpreter? That&#8217;s an easy one: UNESCO headquarters in Paris. Talk about high stakes! Revision I can revise your texts, whether you are a non-native English speaker or just need a second pair of eyes.\u00a0 Some examples of what I do? Scientific articles for publication in journals, machine and real-life people translations, and books. Translation AI got you down? I translate from French, Spanish and Catalan into English. Yes, you read right. I said Catalan. I translate many things but what I enjoy most is working on museum exhibitions and cultural outreach programmes. Writing I can write for you in English, whether you need copy to drive sales, content to engage with readers or text to inform. I&#8217;ve written e-books, articles, infographics, document summaries, and reports mainly in international relations. Need a quote?<\/p>","protected":false},"author":1,"featured_media":0,"parent":0,"menu_order":0,"comment_status":"closed","ping_status":"closed","template":"","meta":{"nf_dc_page":"","om_disable_all_campaigns":false,"_monsterinsights_skip_tracking":false,"_monsterinsights_sitenote_active":false,"_monsterinsights_sitenote_note":"","_monsterinsights_sitenote_category":0,"footnotes":""},"class_list":["post-378","page","type-page","status-publish","hentry"],"aioseo_notices":[],"jetpack_sharing_enabled":true,"_links":{"self":[{"href":"https:\/\/crystalnicoleweber.com\/fr\/wp-json\/wp\/v2\/pages\/378","targetHints":{"allow":["GET"]}}],"collection":[{"href":"https:\/\/crystalnicoleweber.com\/fr\/wp-json\/wp\/v2\/pages"}],"about":[{"href":"https:\/\/crystalnicoleweber.com\/fr\/wp-json\/wp\/v2\/types\/page"}],"author":[{"embeddable":true,"href":"https:\/\/crystalnicoleweber.com\/fr\/wp-json\/wp\/v2\/users\/1"}],"replies":[{"embeddable":true,"href":"https:\/\/crystalnicoleweber.com\/fr\/wp-json\/wp\/v2\/comments?post=378"}],"version-history":[{"count":5,"href":"https:\/\/crystalnicoleweber.com\/fr\/wp-json\/wp\/v2\/pages\/378\/revisions"}],"predecessor-version":[{"id":522,"href":"https:\/\/crystalnicoleweber.com\/fr\/wp-json\/wp\/v2\/pages\/378\/revisions\/522"}],"wp:attachment":[{"href":"https:\/\/crystalnicoleweber.com\/fr\/wp-json\/wp\/v2\/media?parent=378"}],"curies":[{"name":"wp","href":"https:\/\/api.w.org\/{rel}","templated":true}]}}