{"id":276,"date":"2024-10-10T16:26:34","date_gmt":"2024-10-10T15:26:34","guid":{"rendered":"https:\/\/crystalnicoleweber.com\/?page_id=276"},"modified":"2025-01-30T21:04:22","modified_gmt":"2025-01-30T20:04:22","slug":"yoga-therapy","status":"publish","type":"page","link":"https:\/\/crystalnicoleweber.com\/fr\/yoga-therapy\/","title":{"rendered":"Yogath\u00e9rapie"},"content":{"rendered":"<div data-elementor-type=\"wp-page\" data-elementor-id=\"276\" class=\"elementor elementor-276\">\n\t\t\t\t\t\t<section class=\"elementor-section elementor-top-section elementor-element elementor-element-790ab973 elementor-section-boxed elementor-section-height-default elementor-section-height-default\" data-id=\"790ab973\" data-element_type=\"section\" data-e-type=\"section\">\n\t\t\t\t\t\t<div class=\"elementor-container elementor-column-gap-default\">\n\t\t\t\t\t<div class=\"elementor-column elementor-col-100 elementor-top-column elementor-element elementor-element-1bfdbb0b\" data-id=\"1bfdbb0b\" data-element_type=\"column\" data-e-type=\"column\">\n\t\t\t<div class=\"elementor-widget-wrap elementor-element-populated\">\n\t\t\t\t\t\t<div class=\"elementor-element elementor-element-15caee5 elementor-widget elementor-widget-text-editor\" data-id=\"15caee5\" data-element_type=\"widget\" data-e-type=\"widget\" data-widget_type=\"text-editor.default\">\n\t\t\t\t<div class=\"elementor-widget-container\">\n\t\t\t\t\t\t\t\t\t<p class=\"\">La yogath\u00e9rapie utilise les outils du yoga - postures, respiration et m\u00e9ditation - pour adresser les probl\u00e8mes de sant\u00e9 par le mouvement et un changement d'\u00e9tat d'esprit. Elle aide les personnes \u00e0 \u00e9tablir de meilleures relations avec leurs maux et \u00e0 se sentir plus \u00e0 l'aise dans leur corps. Elle peut \u00eatre appliqu\u00e9e \u00e0 un large \u00e9ventail de maladies et de troubles, qu'ils soient physiques ou psychologiques. L'objectif est d'apporter plus de fluidit\u00e9 dans le corps et plus de paix dans l'esprit.<\/p>\n<p><!-- \/wp:paragraph --><\/p>\n<p><!-- wp:paragraph --><\/p>\n<p><!-- \/wp:paragraph --><\/p>\t\t\t\t\t\t\t\t<\/div>\n\t\t\t\t<\/div>\n\t\t\t\t\t<\/div>\n\t\t<\/div>\n\t\t\t\t\t<\/div>\n\t\t<\/section>\n\t\t\t\t<section class=\"elementor-section elementor-top-section elementor-element elementor-element-8ece076 elementor-section-boxed elementor-section-height-default elementor-section-height-default\" data-id=\"8ece076\" data-element_type=\"section\" data-e-type=\"section\">\n\t\t\t\t\t\t<div class=\"elementor-container elementor-column-gap-default\">\n\t\t\t\t\t<div class=\"elementor-column elementor-col-100 elementor-top-column elementor-element elementor-element-6eed0a5\" data-id=\"6eed0a5\" data-element_type=\"column\" data-e-type=\"column\">\n\t\t\t<div class=\"elementor-widget-wrap elementor-element-populated\">\n\t\t\t\t\t\t<div class=\"elementor-element elementor-element-22fda0b elementor-widget elementor-widget-text-editor\" data-id=\"22fda0b\" data-element_type=\"widget\" data-e-type=\"widget\" data-widget_type=\"text-editor.default\">\n\t\t\t\t<div class=\"elementor-widget-container\">\n\t\t\t\t\t\t\t\t\t<p>Je propose des programmes de yogath\u00e9rapie personnalis\u00e9s compos\u00e9s de 10 s\u00e9ances pratiques en individuel plus une s\u00e9ance d'entretien en d\u00e9but de programme. Les s\u00e9ances peuvent \u00eatre espac\u00e9es en fonction des besoins de l'\u00e9l\u00e8ve et se d\u00e9roulent \u00e0 son domicile ou dans mon studio de yoga \u00e0 La Maison de Mieux \u00catre \u00e0 Rueil-Malmaison. Les s\u00e9ances durent g\u00e9n\u00e9ralement 1h30 et comprennent des postures, un travail sur la respiration et des exercices de m\u00e9ditation.<\/p>\t\t\t\t\t\t\t\t<\/div>\n\t\t\t\t<\/div>\n\t\t\t\t\t<\/div>\n\t\t<\/div>\n\t\t\t\t\t<\/div>\n\t\t<\/section>\n\t\t\t\t<section class=\"elementor-section elementor-top-section elementor-element elementor-element-523690c elementor-section-boxed elementor-section-height-default elementor-section-height-default\" data-id=\"523690c\" data-element_type=\"section\" data-e-type=\"section\">\n\t\t\t\t\t\t<div class=\"elementor-container elementor-column-gap-default\">\n\t\t\t\t\t<div class=\"elementor-column elementor-col-100 elementor-top-column elementor-element elementor-element-27e4a4a\" data-id=\"27e4a4a\" data-element_type=\"column\" data-e-type=\"column\">\n\t\t\t<div class=\"elementor-widget-wrap elementor-element-populated\">\n\t\t\t\t\t\t<div class=\"elementor-element elementor-element-1c9fc90 elementor-widget elementor-widget-heading\" data-id=\"1c9fc90\" data-element_type=\"widget\" data-e-type=\"widget\" data-widget_type=\"heading.default\">\n\t\t\t\t<div class=\"elementor-widget-container\">\n\t\t\t\t\t<h4 class=\"elementor-heading-title elementor-size-default\"><a href=\"https:\/\/www.resalib.fr\/praticien\/91656-crystal-weber-professeur-de-yoga-chatou\">Je prends rendez-vous pour un entretien.<\/a><\/h4>\t\t\t\t<\/div>\n\t\t\t\t<\/div>\n\t\t\t\t\t<\/div>\n\t\t<\/div>\n\t\t\t\t\t<\/div>\n\t\t<\/section>\n\t\t\t\t<section class=\"elementor-section elementor-top-section elementor-element elementor-element-ff8d8e6 elementor-section-boxed elementor-section-height-default elementor-section-height-default\" data-id=\"ff8d8e6\" data-element_type=\"section\" data-e-type=\"section\">\n\t\t\t\t\t\t<div class=\"elementor-container elementor-column-gap-default\">\n\t\t\t\t\t<div class=\"elementor-column elementor-col-100 elementor-top-column elementor-element elementor-element-c4de70c\" data-id=\"c4de70c\" data-element_type=\"column\" data-e-type=\"column\">\n\t\t\t<div class=\"elementor-widget-wrap elementor-element-populated\">\n\t\t\t\t\t\t<div class=\"elementor-element elementor-element-c244923 elementor-widget-divider--separator-type-pattern elementor-widget-divider--no-spacing elementor-widget-divider--view-line elementor-widget elementor-widget-divider\" data-id=\"c244923\" data-element_type=\"widget\" data-e-type=\"widget\" data-widget_type=\"divider.default\">\n\t\t\t\t<div class=\"elementor-widget-container\">\n\t\t\t\t\t\t\t<div class=\"elementor-divider\" style=\"--divider-pattern-url: url(&quot;data:image\/svg+xml,%3Csvg xmlns=&#039;http:\/\/www.w3.org\/2000\/svg&#039; preserveAspectRatio=&#039;xMidYMid meet&#039; overflow=&#039;visible&#039; height=&#039;100%&#039; viewBox=&#039;0 0 117 26&#039; fill=&#039;black&#039; stroke=&#039;none&#039;%3E%3Cpath d=&#039;M3,1.5C5,4.9,6,8.8,6,13s-1.7,8.1-5,11.5C0.3,21.1,0,17.2,0,13S1,4.9,3,1.5z M16,1.5c2,3.4,3,7.3,3,11.5s-1,8.1-3,11.5c-2-4.1-3-8.3-3-12.5S14,4.3,16,1.5z M29,1.5c2,4.8,3,9.3,3,13.5s-1,7.4-3,9.5c-2-3.4-3-7.3-3-11.5S27,4.9,29,1.5z M41.1,1.5C43.7,4.9,45,8.8,45,13s-1,8.1-3,11.5c-2-3.4-3-7.3-3-11.5S39.7,4.9,41.1,1.5zM55,1.5c2,2.8,3,6.3,3,10.5s-1.3,8.4-4,12.5c-1.3-3.4-2-7.3-2-11.5S53,4.9,55,1.5z M68,1.5c2,3.4,3,7.3,3,11.5s-0.7,8.1-2,11.5c-2.7-4.8-4-9.3-4-13.5S66,3.6,68,1.5z M82,1.5c1.3,4.8,2,9.3,2,13.5s-1,7.4-3,9.5c-2-3.4-3-7.3-3-11.5S79.3,4.9,82,1.5z M94,1.5c2,3.4,3,7.3,3,11.5s-1.3,8.1-4,11.5c-1.3-1.4-2-4.3-2-8.5S92,6.9,94,1.5z M107,1.5c2,2.1,3,5.3,3,9.5s-0.7,8.7-2,13.5c-2.7-3.4-4-7.3-4-11.5S105,4.9,107,1.5z&#039;\/%3E%3C\/svg%3E&quot;);\">\n\t\t\t<span class=\"elementor-divider-separator\">\n\t\t\t\t\t\t<\/span>\n\t\t<\/div>\n\t\t\t\t\t\t<\/div>\n\t\t\t\t<\/div>\n\t\t\t\t\t<\/div>\n\t\t<\/div>\n\t\t\t\t\t<\/div>\n\t\t<\/section>\n\t\t\t\t<section class=\"elementor-section elementor-top-section elementor-element elementor-element-37a07f0 elementor-section-boxed elementor-section-height-default elementor-section-height-default\" data-id=\"37a07f0\" data-element_type=\"section\" data-e-type=\"section\">\n\t\t\t\t\t\t<div class=\"elementor-container elementor-column-gap-default\">\n\t\t\t\t\t<div class=\"elementor-column elementor-col-100 elementor-top-column elementor-element elementor-element-079ad99\" data-id=\"079ad99\" data-element_type=\"column\" data-e-type=\"column\">\n\t\t\t<div class=\"elementor-widget-wrap elementor-element-populated\">\n\t\t\t\t\t\t<div class=\"elementor-element elementor-element-80cafd2 elementor-widget elementor-widget-heading\" data-id=\"80cafd2\" data-element_type=\"widget\" data-e-type=\"widget\" data-widget_type=\"heading.default\">\n\t\t\t\t<div class=\"elementor-widget-container\">\n\t\t\t\t\t<h2 class=\"elementor-heading-title elementor-size-default\">Ce que mes clients disent :<\/h2>\t\t\t\t<\/div>\n\t\t\t\t<\/div>\n\t\t\t\t\t<\/div>\n\t\t<\/div>\n\t\t\t\t\t<\/div>\n\t\t<\/section>\n\t\t\t\t<section class=\"elementor-section elementor-top-section elementor-element elementor-element-37ba79d elementor-section-boxed elementor-section-height-default elementor-section-height-default\" data-id=\"37ba79d\" data-element_type=\"section\" data-e-type=\"section\">\n\t\t\t\t\t\t<div class=\"elementor-container elementor-column-gap-default\">\n\t\t\t\t\t<div class=\"elementor-column elementor-col-100 elementor-top-column elementor-element elementor-element-62ab815\" data-id=\"62ab815\" data-element_type=\"column\" data-e-type=\"column\">\n\t\t\t<div class=\"elementor-widget-wrap elementor-element-populated\">\n\t\t\t\t\t\t<div class=\"elementor-element elementor-element-f724dc7 elementor-widget elementor-widget-spacer\" data-id=\"f724dc7\" data-element_type=\"widget\" data-e-type=\"widget\" data-widget_type=\"spacer.default\">\n\t\t\t\t<div class=\"elementor-widget-container\">\n\t\t\t\t\t\t\t<div class=\"elementor-spacer\">\n\t\t\t<div class=\"elementor-spacer-inner\"><\/div>\n\t\t<\/div>\n\t\t\t\t\t\t<\/div>\n\t\t\t\t<\/div>\n\t\t\t\t\t<\/div>\n\t\t<\/div>\n\t\t\t\t\t<\/div>\n\t\t<\/section>\n\t\t\t\t<section class=\"elementor-section elementor-top-section elementor-element elementor-element-b332c13 elementor-section-boxed elementor-section-height-default elementor-section-height-default\" data-id=\"b332c13\" data-element_type=\"section\" data-e-type=\"section\">\n\t\t\t\t\t\t<div class=\"elementor-container elementor-column-gap-default\">\n\t\t\t\t\t<div class=\"elementor-column elementor-col-50 elementor-top-column elementor-element elementor-element-3310495\" data-id=\"3310495\" data-element_type=\"column\" data-e-type=\"column\">\n\t\t\t<div class=\"elementor-widget-wrap elementor-element-populated\">\n\t\t\t\t\t\t<div class=\"elementor-element elementor-element-07a7633 elementor-widget__width-initial elementor-widget elementor-widget-text-editor\" data-id=\"07a7633\" data-element_type=\"widget\" data-e-type=\"widget\" data-widget_type=\"text-editor.default\">\n\t\t\t\t<div class=\"elementor-widget-container\">\n\t\t\t\t\t\t\t\t\t<p>Je viens de suivre un cycle de dix s\u00e9ances de yoga th\u00e9rapie avec Crystal. \nCela m'a \u00e9norm\u00e9ment apport\u00e9 dans mon quotidien et face aux diff\u00e9rents probl\u00e8mes de sant\u00e9 que je peux avoir. \nCrystal est une magnifique personne et d'un grand professionnalisme.\u00a0<\/p><p>Toujours \u00e0 l'\u00e9coute et cherchant toujours \u00e0  adapter la meilleure technique face aux probl\u00e8mes ou pathologies qu'ensemble nous avons d\u00e9cid\u00e9 de traiter.<\/p><p>Le travail se fera toujours en douceur .\nRien n'est laiss\u00e9 au hasard ni incompris \nToujours d'une grande disponibilit\u00e9 Crystal \u00e0 r\u00e9pondue au fil des s\u00e9ances \u00e0 mes interrogations, \u00e0 mes besoins et \u00e0 ainsi apporter \u00e0 mon quotidien tout un panel d'informations et d'exercices que je peux maintenant r\u00e9aliser seul en toute confiance.<\/p><p>Il y a un avant et un apr\u00e8s <strong>Marc L.<\/strong><\/p>\t\t\t\t\t\t\t\t<\/div>\n\t\t\t\t<\/div>\n\t\t\t\t\t<\/div>\n\t\t<\/div>\n\t\t\t\t<div class=\"elementor-column elementor-col-50 elementor-top-column elementor-element elementor-element-4c16e16\" data-id=\"4c16e16\" data-element_type=\"column\" data-e-type=\"column\">\n\t\t\t<div class=\"elementor-widget-wrap elementor-element-populated\">\n\t\t\t\t\t\t<div class=\"elementor-element elementor-element-4f52b66 elementor-widget__width-initial elementor-widget elementor-widget-text-editor\" data-id=\"4f52b66\" data-element_type=\"widget\" data-e-type=\"widget\" data-widget_type=\"text-editor.default\">\n\t\t\t\t<div class=\"elementor-widget-container\">\n\t\t\t\t\t\t\t\t\t<p>Accompagn\u00e9e par Crystal sur 10 s\u00e9ances de Yoga th\u00e9rapie : \nDu 1er rendez-vous de diagnostic, au d\u00e9roul\u00e9 des s\u00e9ances, l\u2019accompagnement de Crystal est de grande qualit\u00e9. Elle identifie et propose des solutions personnalis\u00e9es au fur et \u00e0 mesure du d\u00e9roulement et de l\u2019\u00e9volution de la personne.\u00a0<\/p><p>Le travail se fait pendant la s\u00e9ance de yoga, mais elle fournit \u00e9galement les outils et conseils pour le continuer entre les s\u00e9ances et \u00e0 la fin de son suivi.<\/p><p>Des s\u00e9ances s\u00e9rieuses qui m\u2019ont permis de soulager mes douleurs, de repartir sur de bonnes bases et r\u00e9flexes, en autonomie m\u00eame si je pense avoir \u00e0 nouveau recours \u00e0 elle ponctuellement.<\/p><p>L\u2019accompagnement est \u00e0 la fois physique et mental, car j\u2019ai pu faire \u00e9voluer certaines de mes postures intellectuelles par l\u2019interm\u00e9diaire des postures.<\/p><p>Je recommande donc vivement cette professionnelle! <strong>Sandra J.<\/strong><\/p>\t\t\t\t\t\t\t\t<\/div>\n\t\t\t\t<\/div>\n\t\t\t\t\t<\/div>\n\t\t<\/div>\n\t\t\t\t\t<\/div>\n\t\t<\/section>\n\t\t\t\t<\/div>","protected":false},"excerpt":{"rendered":"<p>Yoga therapy uses the tools from yoga &#8211; postures, breathwork, and meditaiton &#8211; to address health problems through movement and a shift in mindset. It helps people build better relationships with their ailments and feel more comfortable in their bodies. It can be applied to a wide range of diseases and disorders, whether physical or psychological. The goal is to bring more fluidity within the body and greater peace to the mind. I offer individualised yoga therapy programs consisting of 10 one-on-one practical sessions plus one interview session at the start of the program. The sessions can be spaced out according to the student&#8217;s needs and are carried out at the student&#8217;s home or in my yoga studio at La Maison de Mieux \u00catre in Rueil-Malmaison. Sessions usually last 1.5h and include postures, breathwork and meditation exercises. Feel free to contact me for an interview. Here&#8217;s what people are saying &#8220;I just finished a 10-lesson yoga therapy programme with Crystal. It helped me a lot with my daily life and to address the different health problems I have. Crystal is a magnificent person and a real professional.\u00a0 She is an active listener and always adapts techniques to the problems and issues we decided to work on. She is gentle and always available to respond to my questions. She provides useful information and exercises that I can confidently apply on my own. I clearly see a before and after.&#8221;\u00a0 &#8211; Marc L. &#8220;Crystal led me through a 10-lesson yoga therapy programme. From the very first interview session to the last practical session, Crystal always demonstrated quality attention. She identified the problems and offered personalised solutions adapted to how I was evolving in the programme.\u00a0 She also provides information and tools so that you can continue to work outside the sessions and even after the programme. The programme helped me ease my pain, and re-establish a healthy baseline and habits. I gained in autonomy but will still call on Crystal for follow-up sessions once in a while. The lessons cover physical but also psychological aspects of the person. I was able to make postural changes to my body and my mind. I highly recommend this professional.&#8221; &#8211; Sandra J.<\/p>","protected":false},"author":1,"featured_media":0,"parent":0,"menu_order":0,"comment_status":"closed","ping_status":"closed","template":"","meta":{"nf_dc_page":"","om_disable_all_campaigns":false,"_monsterinsights_skip_tracking":false,"_monsterinsights_sitenote_active":false,"_monsterinsights_sitenote_note":"","_monsterinsights_sitenote_category":0,"footnotes":""},"class_list":["post-276","page","type-page","status-publish","hentry"],"aioseo_notices":[],"jetpack_sharing_enabled":true,"_links":{"self":[{"href":"https:\/\/crystalnicoleweber.com\/fr\/wp-json\/wp\/v2\/pages\/276","targetHints":{"allow":["GET"]}}],"collection":[{"href":"https:\/\/crystalnicoleweber.com\/fr\/wp-json\/wp\/v2\/pages"}],"about":[{"href":"https:\/\/crystalnicoleweber.com\/fr\/wp-json\/wp\/v2\/types\/page"}],"author":[{"embeddable":true,"href":"https:\/\/crystalnicoleweber.com\/fr\/wp-json\/wp\/v2\/users\/1"}],"replies":[{"embeddable":true,"href":"https:\/\/crystalnicoleweber.com\/fr\/wp-json\/wp\/v2\/comments?post=276"}],"version-history":[{"count":5,"href":"https:\/\/crystalnicoleweber.com\/fr\/wp-json\/wp\/v2\/pages\/276\/revisions"}],"predecessor-version":[{"id":415,"href":"https:\/\/crystalnicoleweber.com\/fr\/wp-json\/wp\/v2\/pages\/276\/revisions\/415"}],"wp:attachment":[{"href":"https:\/\/crystalnicoleweber.com\/fr\/wp-json\/wp\/v2\/media?parent=276"}],"curies":[{"name":"wp","href":"https:\/\/api.w.org\/{rel}","templated":true}]}}